{"id":139,"date":"2023-07-06T10:55:35","date_gmt":"2023-07-06T10:55:35","guid":{"rendered":"https:\/\/manuelasantosart.com\/?page_id=139"},"modified":"2025-06-05T13:32:25","modified_gmt":"2025-06-05T13:32:25","slug":"portfolio","status":"publish","type":"page","link":"https:\/\/manuelasantosart.com\/?page_id=139","title":{"rendered":"Cole\u00e7\u00f5es"},"content":{"rendered":"<p>[et_pb_section fb_built=&#8221;1&#8243; _builder_version=&#8221;4.21.0&#8243; _module_preset=&#8221;default&#8221; custom_margin=&#8221;-156px||||false|false&#8221; custom_padding=&#8221;||0px|||&#8221; global_colors_info=&#8221;{}&#8221;][\/et_pb_section][et_pb_section fb_built=&#8221;1&#8243; admin_label=&#8221;Projects&#8221; _builder_version=&#8221;4.20.0&#8243; _module_preset=&#8221;default&#8221; locked=&#8221;off&#8221; collapsed=&#8221;on&#8221; global_colors_info=&#8221;{}&#8221;][et_pb_row _builder_version=&#8221;4.20.0&#8243; _module_preset=&#8221;default&#8221; custom_margin=&#8221;35px|auto||auto||&#8221; global_colors_info=&#8221;{}&#8221;][et_pb_column type=&#8221;4_4&#8243; _builder_version=&#8221;4.20.0&#8243; _module_preset=&#8221;default&#8221; global_colors_info=&#8221;{}&#8221;][et_pb_text _builder_version=&#8221;4.20.0&#8243; _module_preset=&#8221;dc6520d6-530c-414e-91cb-2ebb826557d2&#8243; text_orientation=&#8221;center&#8221; global_colors_info=&#8221;{}&#8221;]<\/p>\n<h2>Portef\u00f3lio<\/h2>\n<p>[\/et_pb_text][\/et_pb_column][\/et_pb_row][et_pb_row column_structure=&#8221;1_2,1_2&#8243; _builder_version=&#8221;4.20.0&#8243; _module_preset=&#8221;default&#8221; global_colors_info=&#8221;{}&#8221;][et_pb_column type=&#8221;1_2&#8243; _builder_version=&#8221;4.20.0&#8243; _module_preset=&#8221;default&#8221; custom_padding_tablet=&#8221;||30px||false|false&#8221; custom_padding_phone=&#8221;||30px||false|false&#8221; custom_padding_last_edited=&#8221;on|tablet&#8221; global_colors_info=&#8221;{}&#8221;][et_pb_image src=&#8221;https:\/\/manuelasantosart.com\/wp-content\/uploads\/2023\/07\/4CMA_7793-1-scaled.jpg&#8221; alt=&#8221;Manuela Santos&#8221; title_text=&#8221;RITUAL RENOVADO&#8221; url=&#8221;https:\/\/manuelasantosart.com\/?project=camaleoes&#8221; use_overlay=&#8221;on&#8221; overlay_icon_color=&#8221;#000000&#8243; hover_overlay_color=&#8221;RGBA(255,255,255,0)&#8221; hover_icon=&#8221;&#xf00e;||fa||900&#8243; _builder_version=&#8221;4.21.0&#8243; _module_preset=&#8221;default&#8221; background_color=&#8221;rgba(0,0,0,0.04)&#8221; custom_margin=&#8221;||||false|false&#8221; box_shadow_style=&#8221;preset4&#8243; box_shadow_horizontal=&#8221;0px&#8221; box_shadow_vertical=&#8221;0px&#8221; box_shadow_color=&#8221;rgba(0,0,0,0.05)&#8221; global_colors_info=&#8221;{}&#8221; custom_padding__hover_enabled=&#8221;off|hover&#8221; custom_padding__hover=&#8221;50px|50px|50px|50px|true|true&#8221; box_shadow_vertical__hover_enabled=&#8221;off|hover&#8221; box_shadow_blur__hover_enabled=&#8221;off|hover&#8221; box_shadow_blur__hover=&#8221;0px&#8221; box_shadow_color__hover_enabled=&#8221;off|hover&#8221; box_shadow_color__hover=&#8221;rgba(0,0,0,0.3)&#8221; custom_margin__hover_enabled=&#8221;off|hover&#8221; custom_margin__hover=&#8221;||62px||false|false&#8221; transform_styles__hover_enabled=&#8221;on|hover&#8221; transform_scale__hover_enabled=&#8221;on|hover&#8221; transform_translate__hover_enabled=&#8221;on|desktop&#8221; transform_rotate__hover_enabled=&#8221;on|desktop&#8221; transform_skew__hover_enabled=&#8221;on|desktop&#8221; transform_origin__hover_enabled=&#8221;on|desktop&#8221; transform_scale__hover=&#8221;90%|90%&#8221; box_shadow_spread__hover_enabled=&#8221;on|hover&#8221; box_shadow_spread__hover=&#8221;30px&#8221;][\/et_pb_image][et_pb_text _builder_version=&#8221;4.20.0&#8243; _module_preset=&#8221;e66630df-fd0f-4379-aae0-0f5d736b2d96&#8243; custom_margin=&#8221;||10px||false|false&#8221; global_colors_info=&#8221;{}&#8221;]<\/p>\n<h4>Camale\u00f5es<\/h4>\n<p>[\/et_pb_text][et_pb_text _builder_version=&#8221;4.21.0&#8243; _module_preset=&#8221;e2dfabf4-a75e-4e5e-b43d-7db5d308fc72&#8243; global_colors_info=&#8221;{}&#8221;]<\/p>\n<p style=\"margin: 0cm;\"><span style=\"font-size: 11.0pt; font-family: 'Arial',sans-serif;\">Esta cole\u00e7\u00e3o resulta do dialogo entre a pintura e a natureza, que de uma forma l\u00fadica d\u00e1 a conhecer o Camale\u00e3o comum que em Portugal apenas existe no Sul do pais, sendo o Pinhal de Vila Real de Santo Ant\u00f3nio | Monte Gordo e Ria Formosa o seu habitat de elei\u00e7\u00e3o. <\/span><span style=\"font-size: 11.0pt; font-family: 'Arial',sans-serif;\">Os quadros pretendem dar a conhecer e alertar para a necessidade de se preservar habitats e esp\u00e9cies, neste caso o Camale\u00e3o comum. <\/span><\/p>\n<p style=\"margin: 0cm;\"><span style=\"font-size: 11.0pt; font-family: 'Arial',sans-serif;\">S\u00e3o 15 quadros (100&#215;70) repletas de cambiantes de cor, \u00e0 semelhan\u00e7a do mimetismo do camele\u00e3o, que apelam \u00e0 compreens\u00e3o e \u00e0 consci\u00eancia de cada um de n\u00f3s.<\/span><\/p>\n<p style=\"margin: 0cm;\"><span style=\"font-size: 11.0pt; font-family: 'Arial',sans-serif;\">O conjunto das pe\u00e7as assenta em diversas fases do ciclo de vida do Camale\u00e3o, onde a imagem feminina \u00e9 uma constante, em tributo \u00e0s f\u00eameas que marcam o in\u00edcio dos Ciclos de Vida animal. <\/span><span style=\"font-size: 11.0pt; font-family: 'Arial',sans-serif;\">Pretende promover a CURIOSIDADE sobre o ciclo de vida desta esp\u00e9cie t\u00e3o sens\u00edvel, e passar a mensagem, a todos, o quanto \u00e9 importante CONHECE-LO para o RESPEITAR e assim o PRESERVAR.<o:p><\/o:p><\/span><\/p>\n<p align=\"center\" style=\"margin: 0cm; text-align: center;\"><span style=\"font-size: 11.0pt; font-family: 'Arial',sans-serif;\">\u2013 Tornemos isso como miss\u00e3o &#8211;<o:p><\/o:p><\/span><\/p>\n<p>[\/et_pb_text][\/et_pb_column][et_pb_column type=&#8221;1_2&#8243; _builder_version=&#8221;4.20.0&#8243; _module_preset=&#8221;default&#8221; global_colors_info=&#8221;{}&#8221;][et_pb_image src=&#8221;https:\/\/manuelasantosart.com\/wp-content\/uploads\/2023\/07\/120042797_3167810673328328_7086638500814540087_n.jpg&#8221; alt=&#8221;Manuela Santos&#8221; title_text=&#8221;Piteira Agave americana L.&#8221; url=&#8221;https:\/\/manuelasantosart.com\/?project=belas-e-silenciosas&#8221; use_overlay=&#8221;on&#8221; overlay_icon_color=&#8221;#000000&#8243; hover_overlay_color=&#8221;RGBA(255,255,255,0)&#8221; hover_icon=&#8221;&#xf00e;||fa||900&#8243; _builder_version=&#8221;4.21.0&#8243; _module_preset=&#8221;default&#8221; background_color=&#8221;rgba(0,0,0,0.04)&#8221; min_height=&#8221;476.3px&#8221; box_shadow_style=&#8221;preset4&#8243; box_shadow_horizontal=&#8221;0px&#8221; box_shadow_vertical=&#8221;0px&#8221; box_shadow_color=&#8221;rgba(0,0,0,0.05)&#8221; global_colors_info=&#8221;{}&#8221; transform_styles__hover_enabled=&#8221;on|hover&#8221; transform_scale__hover=&#8221;90%|90%&#8221; transform_scale__hover_enabled=&#8221;on|hover&#8221; transform_translate__hover_enabled=&#8221;on|desktop&#8221; transform_rotate__hover_enabled=&#8221;on|desktop&#8221; transform_skew__hover_enabled=&#8221;on|desktop&#8221; transform_origin__hover_enabled=&#8221;on|desktop&#8221; box_shadow_spread__hover=&#8221;30px&#8221; box_shadow_spread__hover_enabled=&#8221;on|desktop&#8221;][\/et_pb_image][et_pb_text _builder_version=&#8221;4.21.0&#8243; _module_preset=&#8221;e66630df-fd0f-4379-aae0-0f5d736b2d96&#8243; custom_margin=&#8221;||10px||false|false&#8221; global_colors_info=&#8221;{}&#8221;]<\/p>\n<h4>Belas sil\u00eanciosas<\/h4>\n<p>[\/et_pb_text][et_pb_text _builder_version=&#8221;4.21.0&#8243; _module_preset=&#8221;e2dfabf4-a75e-4e5e-b43d-7db5d308fc72&#8243; global_colors_info=&#8221;{}&#8221;]<\/p>\n<p style=\"text-align: justify;\"><span style=\"font-size: 11.0pt; font-family: 'Arial',sans-serif;\">BELAS SILENCIOSAS surgiram pelo facto de ser uma das minhas inquieta\u00e7\u00e3o, no que respeita \u00e0 preserva\u00e7\u00e3o da biodiversidade.<o:p><\/o:p><\/span><\/p>\n<p style=\"text-align: justify;\"><span style=\"font-size: 11.0pt; font-family: 'Arial',sans-serif;\">Pretendo acima de tudo, de uma forma l\u00fadica, passar a mensagem e<br \/>fazer com que exista um maior conhecimento de algumas esp\u00e9cies<br \/>vegetais invasoras existentes no territ\u00f3rio portugu\u00eas.<o:p><\/o:p><\/span><\/p>\n<p style=\"text-align: justify;\"><span style=\"font-size: 11.0pt; font-family: 'Arial',sans-serif;\">Os 30 quadros apresentados salientam singularidades gerais de cada<br \/>esp\u00e9cie invasora e cada um deles apresenta uma composi\u00e7\u00e3o onde a<br \/>imagem feminina \u00e9 uma constante, em tributo \u00e0s mulheres, que silenciosamente, constroem o alicerce das sociedades.<br \/>Este conjunto de aguarelas pretende ser mais um meio, como tantas outras<br \/>iniciativas que existem no pa\u00eds, para se falar sobre esp\u00e9cies vegetais invasoras que interferem significativamente na biodiversidade do territ\u00f3rio.<\/span><\/p>\n<p style=\"text-align: justify;\"><span style=\"font-size: 11.0pt; font-family: 'Arial',sans-serif;\">Num primeiro momento pretende contribuir no sentido de passar a<br \/>mensagem, do quanto \u00e9 importante CONHECER para RESPEITAR e s\u00f3<br \/>assim ser\u00e1 poss\u00edvel PRESERVAR. No mesmo sentido pretende<br \/>promover a CURIOSIDADE sobre algumas esp\u00e9cies vegetais invasoras.<o:p><\/o:p><\/span><\/p>\n<p>[\/et_pb_text][\/et_pb_column][\/et_pb_row][et_pb_row column_structure=&#8221;1_2,1_2&#8243; _builder_version=&#8221;4.20.0&#8243; _module_preset=&#8221;default&#8221; global_colors_info=&#8221;{}&#8221;][et_pb_column type=&#8221;1_2&#8243; _builder_version=&#8221;4.20.0&#8243; _module_preset=&#8221;default&#8221; custom_padding_tablet=&#8221;||30px||false|false&#8221; custom_padding_phone=&#8221;||30px||false|false&#8221; custom_padding_last_edited=&#8221;on|tablet&#8221; global_colors_info=&#8221;{}&#8221;][et_pb_image src=&#8221;https:\/\/manuelasantosart.com\/wp-content\/uploads\/2023\/07\/Sem-titulo.jpg&#8221; title_text=&#8221;Sem t\u00edtulo&#8221; url=&#8221;https:\/\/manuelasantosart.com\/?project=diversos&#8221; use_overlay=&#8221;on&#8221; overlay_icon_color=&#8221;#000000&#8243; hover_overlay_color=&#8221;RGBA(255,255,255,0)&#8221; hover_icon=&#8221;&#xf00e;||fa||900&#8243; _builder_version=&#8221;4.21.0&#8243; _module_preset=&#8221;default&#8221; background_color=&#8221;rgba(0,0,0,0.04)&#8221; custom_padding=&#8221;|14px||||&#8221; box_shadow_style=&#8221;preset4&#8243; box_shadow_horizontal=&#8221;0px&#8221; box_shadow_vertical=&#8221;0px&#8221; box_shadow_color=&#8221;rgba(0,0,0,0.05)&#8221; global_colors_info=&#8221;{}&#8221; transform_styles__hover_enabled=&#8221;on|hover&#8221; transform_scale__hover=&#8221;90%|90%&#8221; transform_scale__hover_enabled=&#8221;on|hover&#8221; transform_translate__hover_enabled=&#8221;on|desktop&#8221; transform_rotate__hover_enabled=&#8221;on|desktop&#8221; transform_skew__hover_enabled=&#8221;on|desktop&#8221; transform_origin__hover_enabled=&#8221;on|desktop&#8221; box_shadow_spread__hover=&#8221;30px&#8221; box_shadow_spread__hover_enabled=&#8221;on|hover&#8221;][\/et_pb_image][et_pb_text _builder_version=&#8221;4.20.0&#8243; _module_preset=&#8221;e66630df-fd0f-4379-aae0-0f5d736b2d96&#8243; custom_margin=&#8221;||10px||false|false&#8221; global_colors_info=&#8221;{}&#8221;]<\/p>\n<h4>diversos<\/h4>\n<p>[\/et_pb_text][et_pb_text _builder_version=&#8221;4.21.0&#8243; _module_preset=&#8221;e2dfabf4-a75e-4e5e-b43d-7db5d308fc72&#8243; global_colors_info=&#8221;{}&#8221;]<\/p>\n<p style=\"margin: 0cm; line-height: 150%;\"><span style=\"font-size: 11.0pt; line-height: 150%; font-family: 'Arial',sans-serif;\">Este \u00e9 o meu ambiente de trabalho, \u00e9 a Vida e ela \u00e9 Bela.<o:p><\/o:p><\/span><\/p>\n<p style=\"margin: 0cm; line-height: 150%;\"><span style=\"font-size: 11.0pt; line-height: 150%; font-family: 'Arial',sans-serif;\">A paix\u00e3o pela diversidade da Vida reflete-se nas minhas cria\u00e7\u00f5es e nos diversos estilos art\u00edsticos que uso.<o:p><\/o:p><\/span><\/p>\n<p style=\"margin: 0cm; line-height: 150%;\"><span style=\"font-size: 11.0pt; line-height: 150%; font-family: 'Arial',sans-serif;\">S\u00e3o todos os estilos, os meus favoritos, desde o surrealismo, o abstrato, o impressionismo, &#8230;<o:p><\/o:p><\/span><\/p>\n<p style=\"margin: 0cm; line-height: 150%;\"><span style=\"font-size: 11.0pt; line-height: 150%; font-family: 'Arial',sans-serif;\">A diversidade tamb\u00e9m se reflete\u00a0 na t\u00e9cnica, recorro a diferente t\u00e9cnicas de arte, tais como desenho, aguarela, acr\u00edlico, &#8230; mas \u00e9 a cor a minha favorita.<\/span><o:p><\/o:p><\/p>\n<p>[\/et_pb_text][\/et_pb_column][et_pb_column type=&#8221;1_2&#8243; _builder_version=&#8221;4.20.0&#8243; _module_preset=&#8221;default&#8221; global_colors_info=&#8221;{}&#8221;][et_pb_image src=&#8221;https:\/\/manuelasantosart.com\/wp-content\/uploads\/2023\/08\/14-Sem-titulo-120&#215;80-Acrilico-s-tela-scaled.jpg&#8221; alt=&#8221;Manuela Santos&#8221; title_text=&#8221;Abstra\u00e7\u00f5es&#8221; url=&#8221;https:\/\/manuelasantosart.com\/?project=abstratos&#8221; use_overlay=&#8221;on&#8221; overlay_icon_color=&#8221;#000000&#8243; hover_overlay_color=&#8221;RGBA(255,255,255,0)&#8221; hover_icon=&#8221;&#xf00e;||fa||900&#8243; _builder_version=&#8221;4.21.0&#8243; _module_preset=&#8221;default&#8221; background_color=&#8221;rgba(0,0,0,0.04)&#8221; width=&#8221;89.8%&#8221; min_height=&#8221;729.4px&#8221; box_shadow_style=&#8221;preset4&#8243; box_shadow_horizontal=&#8221;0px&#8221; box_shadow_vertical=&#8221;0px&#8221; box_shadow_color=&#8221;rgba(0,0,0,0.05)&#8221; global_colors_info=&#8221;{}&#8221; transform_styles__hover_enabled=&#8221;on|hover&#8221; transform_scale__hover=&#8221;90%|90%&#8221; transform_scale__hover_enabled=&#8221;on|hover&#8221; transform_translate__hover_enabled=&#8221;on|desktop&#8221; transform_rotate__hover_enabled=&#8221;on|desktop&#8221; transform_skew__hover_enabled=&#8221;on|desktop&#8221; transform_origin__hover_enabled=&#8221;on|desktop&#8221; box_shadow_spread__hover=&#8221;30px&#8221; box_shadow_spread__hover_enabled=&#8221;on|hover&#8221;][\/et_pb_image][et_pb_text _builder_version=&#8221;4.21.0&#8243; _module_preset=&#8221;e66630df-fd0f-4379-aae0-0f5d736b2d96&#8243; custom_margin=&#8221;||10px||false|false&#8221; global_colors_info=&#8221;{}&#8221;]<\/p>\n<h4>Linhas e Formas<\/h4>\n<p>&nbsp;<\/p>\n<p>[\/et_pb_text][et_pb_text _builder_version=&#8221;4.21.0&#8243; _module_preset=&#8221;e2dfabf4-a75e-4e5e-b43d-7db5d308fc72&#8243; global_colors_info=&#8221;{}&#8221;]<\/p>\n<p>Este conjunto de composi\u00e7\u00f5es e desenhos po\u00e9ticos, materializado em cores vivas das quais sobressaem, pela expressividade do tratamento, a figura HUMANA.<\/p>\n<p>Estes trabalhos s\u00e3o constitu\u00eddos por intens\u00e3o de formas e composi\u00e7\u00f5es de diferentes cen\u00e1rios. S\u00e3o pinturas org\u00e2nicas onde se destacam formas e cores, com diversos sentidos e m\u00faltiplas leituras.<\/p>\n<p>[\/et_pb_text][\/et_pb_column][\/et_pb_row][\/et_pb_section]<\/p>\n","protected":false},"excerpt":{"rendered":"<p>Portef\u00f3lioCamale\u00f5esEsta cole\u00e7\u00e3o resulta do dialogo entre a pintura e a natureza, que de uma forma l\u00fadica d\u00e1 a conhecer o Camale\u00e3o comum que em Portugal apenas existe no Sul do pais, sendo o Pinhal de Vila Real de Santo Ant\u00f3nio | Monte Gordo e Ria Formosa o seu habitat de elei\u00e7\u00e3o. Os quadros pretendem dar [&hellip;]<\/p>\n","protected":false},"author":1,"featured_media":0,"parent":0,"menu_order":0,"comment_status":"closed","ping_status":"closed","template":"","meta":{"_et_pb_use_builder":"on","_et_pb_old_content":"","_et_gb_content_width":"","footnotes":""},"class_list":["post-139","page","type-page","status-publish","hentry"],"_links":{"self":[{"href":"https:\/\/manuelasantosart.com\/index.php?rest_route=\/wp\/v2\/pages\/139","targetHints":{"allow":["GET"]}}],"collection":[{"href":"https:\/\/manuelasantosart.com\/index.php?rest_route=\/wp\/v2\/pages"}],"about":[{"href":"https:\/\/manuelasantosart.com\/index.php?rest_route=\/wp\/v2\/types\/page"}],"author":[{"embeddable":true,"href":"https:\/\/manuelasantosart.com\/index.php?rest_route=\/wp\/v2\/users\/1"}],"replies":[{"embeddable":true,"href":"https:\/\/manuelasantosart.com\/index.php?rest_route=%2Fwp%2Fv2%2Fcomments&post=139"}],"version-history":[{"count":17,"href":"https:\/\/manuelasantosart.com\/index.php?rest_route=\/wp\/v2\/pages\/139\/revisions"}],"predecessor-version":[{"id":568,"href":"https:\/\/manuelasantosart.com\/index.php?rest_route=\/wp\/v2\/pages\/139\/revisions\/568"}],"wp:attachment":[{"href":"https:\/\/manuelasantosart.com\/index.php?rest_route=%2Fwp%2Fv2%2Fmedia&parent=139"}],"curies":[{"name":"wp","href":"https:\/\/api.w.org\/{rel}","templated":true}]}}