{"id":99,"date":"2023-06-29T10:09:47","date_gmt":"2023-06-29T10:09:47","guid":{"rendered":"https:\/\/manuelasantosart.com\/?page_id=99"},"modified":"2023-08-01T18:28:55","modified_gmt":"2023-08-01T18:28:55","slug":"bibliografia","status":"publish","type":"page","link":"https:\/\/manuelasantosart.com\/?page_id=99","title":{"rendered":"Biografia"},"content":{"rendered":"<p>[et_pb_section fb_built=&#8221;1&#8243; admin_label=&#8221;section&#8221; _builder_version=&#8221;4.16&#8243; global_colors_info=&#8221;{}&#8221;][et_pb_row _builder_version=&#8221;4.21.0&#8243; _module_preset=&#8221;default&#8221; global_colors_info=&#8221;{}&#8221;][et_pb_column type=&#8221;4_4&#8243; _builder_version=&#8221;4.21.0&#8243; _module_preset=&#8221;default&#8221; global_colors_info=&#8221;{}&#8221;][et_pb_text _builder_version=&#8221;4.21.0&#8243; _module_preset=&#8221;default&#8221; custom_margin=&#8221;||-59px||false|false&#8221; custom_padding=&#8221;||0px||false|false&#8221; global_colors_info=&#8221;{}&#8221;]<\/p>\n<h2><strong>Sobre mim:<\/strong><\/h2>\n<p>[\/et_pb_text][\/et_pb_column][\/et_pb_row][et_pb_row admin_label=&#8221;row&#8221; _builder_version=&#8221;4.16&#8243; background_size=&#8221;initial&#8221; background_position=&#8221;top_left&#8221; background_repeat=&#8221;repeat&#8221; min_height=&#8221;2223.6px&#8221; global_colors_info=&#8221;{}&#8221;][et_pb_column type=&#8221;4_4&#8243; _builder_version=&#8221;4.16&#8243; custom_padding=&#8221;|||&#8221; global_colors_info=&#8221;{}&#8221; custom_padding__hover=&#8221;|||&#8221;][et_pb_text admin_label=&#8221;Text&#8221; _builder_version=&#8221;4.21.0&#8243; background_size=&#8221;initial&#8221; background_position=&#8221;top_left&#8221; background_repeat=&#8221;repeat&#8221; global_colors_info=&#8221;{}&#8221;]<\/p>\n<p style=\"text-align: justify;\"><strong>Portuguesa, nascida em Angola, atualmente vivo e trabalho no Sul de Portugal \u2013 Algarve.<\/strong><\/p>\n<p style=\"text-align: justify;\"><strong>Na Universidade de \u00c9vora formei-me em Arquitetura Paisagista, profiss\u00e3o que atualmente exer\u00e7o.<\/strong><\/p>\n<p style=\"text-align: justify;\"><strong>Sempre tive curiosidade e habilidade para as artes, encarregou-se o destino de me encaminhar para as telas, pinceis e tintas. Hoje conjugo a Natureza e a Arte.<\/strong><\/p>\n<p style=\"text-align: justify;\"><strong>Interessando-me por diversas t\u00e9cnicas art\u00edsticas, privilegio os acr\u00edlicos, o \u00f3leo e a aguarela, t\u00e9cnica que estudei no atelier da artista Coca Froes David, em \u00c9vora.<\/strong><\/p>\n<p style=\"text-align: justify;\"><strong>Ultimamente tenho recorrido \u00e0 aguarela e ao acr\u00edlico, usando-os em diferentes suportes, incluindo tela, papel\u00e3o, madeira, papel aguarela e em diversos materiais reciclados.<\/strong><\/p>\n<p style=\"text-align: justify;\"><strong>Ao longo dos anos experimentei diferentes t\u00e9cnicas e desenvolvi as minhas prefer\u00eancias art\u00edsticas, sendo a cor e a multiplicidade pict\u00f3rica proeminentes na minha pintura.<\/strong><\/p>\n<p style=\"text-align: justify;\"><strong>A minha fonte de inspira\u00e7\u00e3o \u00e9 a arte em geral, baseio-me nas minhas mem\u00f3rias, nas minhas viv\u00eancias do dia-a-dia, nas minhas preocupa\u00e7\u00f5es e deixo que a minha criatividade e imagina\u00e7\u00e3o se conjuguem, perante este mundo desafiador.<\/strong><\/p>\n<p style=\"text-align: justify;\"><strong>Os meus trabalhos s\u00e3o criativos, com composi\u00e7\u00f5es po\u00e9ticas, cheios de cores quentes, como forma manifestar as minhas ideias, as minhas inquietudes e com o intuito de mostrar, sensibilizar e gerar reflex\u00f5es no outro.<\/strong><\/p>\n<p style=\"text-align: justify;\"><strong>Nos \u00faltimos anos as minhas exposi\u00e7\u00f5es t\u00eam sido mais frequentes, em 2015 iniciei-as com trabalhos em aguarela sobre papel; ultimamente os meus trabalhos t\u00eam sido em acr\u00edlico sobre diferentes suportes, sendo a tela o mais usado.<\/strong><\/p>\n<p style=\"text-align: justify;\"><strong>Tenho realizado exposi\u00e7\u00f5es individuais e coletivas, em Portugal e Espanha, em conjunto com o grupo \u201cPoetas do Guadiana\u201d e integrando o grupo de pintoras \u201cLuz de Mujer\u201d, ao qual perten\u00e7o.<\/strong><\/p>\n<p style=\"text-align: justify;\"><strong>Participei na ilustra\u00e7\u00e3o do livro de poesia \u201cTu, Vosotras y Ellas\u201d, de Jos\u00e9 Luis Rua Nacher.<\/strong><\/p>\n<p style=\"text-align: justify;\"><strong>Sou membro ativo da PAS \u2013 Peace and Art Society e da FIAG &#8211; Fantapia International Art Group (n\u00ba 0366).<\/strong><\/p>\n<p style=\"text-align: justify;\">\n<p style=\"text-align: justify;\">Portuguese, born in Angola, I currently live and work in the South of Portugal &#8211; Algarve.<\/p>\n<p style=\"text-align: justify;\">At the University of \u00c9vora I graduated in Landscape Architecture, a profession I currently practice.<\/p>\n<p style=\"text-align: justify;\">I have always had curiosity and ability for the arts, fate oversaw directing me to the canvases, brushes and paints. Today I combine Nature and Art.<\/p>\n<p style=\"text-align: justify;\">Interested in various artistic techniques, I privilege acrylics, oil and watercolour, a technique I studied in the studio of the artist Coca Froes David, in \u00c9vora.<\/p>\n<p style=\"text-align: justify;\">Lately, I have been using watercolour and acrylic, using them on different supports, including canvas, cardboard, wood, watercolour paper and various recycled materials.<\/p>\n<p style=\"text-align: justify;\">Over the years I have experimented with different techniques and developed my artistic preferences, with colour and pictorial multiplicity being prominent in my painting.<\/p>\n<p style=\"text-align: justify;\">My source of inspiration is art in general, I base myself on my memories, my day-to-day experiences, my concerns, and let my creativity and imagination come together, facing to this challenging world.<\/p>\n<p style=\"text-align: justify;\">My works are creative, with poetic compositions, full of warm colours, as a way to manifest my ideas and my concerns, in order to show, sensitize and generate reflections in the other.<\/p>\n<p style=\"text-align: justify;\">In recent years my exhibitions have been more frequent, in 2015 I started them with works in watercolour on paper; lately, my works have been in acrylic on different supports, being canvas the most used.<\/p>\n<p style=\"text-align: justify;\">I have held solo and group exhibitions in Portugal and Spain, together with the group &#8220;Poetas do Guadiana&#8221; and integrating the group of painters &#8220;Luz de Mujer&#8221;, to which I belong.<\/p>\n<p style=\"text-align: justify;\">I participated in the illustration of the poetry book &#8220;Tu, Vosotras y Ellas&#8221;, by Jos\u00e9 Luis Rua Nacher.<\/p>\n<p style=\"text-align: justify;\">I am an active member of PAS &#8211; Peace and Art Society and FIAG &#8211; Fantapia International Art Group (n\u00ba 0366).<\/p>\n<p>[\/et_pb_text][\/et_pb_column][\/et_pb_row][\/et_pb_section]<\/p>\n","protected":false},"excerpt":{"rendered":"<p>Sobre mim:Portuguesa, nascida em Angola, atualmente vivo e trabalho no Sul de Portugal \u2013 Algarve. Na Universidade de \u00c9vora formei-me em Arquitetura Paisagista, profiss\u00e3o que atualmente exer\u00e7o. Sempre tive curiosidade e habilidade para as artes, encarregou-se o destino de me encaminhar para as telas, pinceis e tintas. Hoje conjugo a Natureza e a Arte. Interessando-me [&hellip;]<\/p>\n","protected":false},"author":1,"featured_media":0,"parent":0,"menu_order":0,"comment_status":"closed","ping_status":"closed","template":"","meta":{"_et_pb_use_builder":"on","_et_pb_old_content":"<p style=\"text-align: left;\">Chamo-me Maria Manuela Santos, sou Portuguesa, nasci em Angola e atualmente vivo e trabalho\r\nno Sul de Portugal \u2013 Algarve.\r\nFrequentei a Universidade de \u00c9vora e formei-me em Arquitetura Paisagista, que \u00e9 a profiss\u00e3o que\r\natualmente exer\u00e7o.\r\nDesde cedo demonstrei curiosidade e habilidade para as artes, encarregou-se o destino de me\r\nencaminhar para as telas, pinceis e tintas. Hoje conjugo a Natureza e a Arte.\r\nInteresso-me por diversas t\u00e9cnicas art\u00edsticas, privilegio os acr\u00edlicos, o \u00f3leo e a aguarela, t\u00e9cnica\r\nque estudei no atelier da artista Coca Froes David, em \u00c9vora. Ultimamente recorro \u00e0 aquarela e ao\r\nacr\u00edlico, uso-os em diferentes suportes, incluindo tela, papel\u00e3o, madeira, papel aguarela e em\r\ndiversos materiais reciclados.\r\nAo longo dos anos experimentei diferentes t\u00e9cnicas e desenvolvi as minhas prefer\u00eancias art\u00edsticas,\r\nsendo a cor e a multiplicidade pict\u00f3rica proeminentes na minha pintura.\r\nA minha fonte de inspira\u00e7\u00e3o \u00e9 a arte em geral, baseio-me nas minhas mem\u00f3rias, nas minhas\r\nviv\u00eancias do dia-a-dia, nas minhas preocupa\u00e7\u00f5es e deixo que a minha criatividade e imagina\u00e7\u00e3o se\r\nconjuguem, perante este mundo desafiador.\r\nOs meus trabalhos s\u00e3o criativos, com composi\u00e7\u00f5es po\u00e9ticas, cheios de cores quentes, como forma\r\nmanifestar as minhas ideias, as minhas inquietudes e com o intuito de alertar, sensibilizar e gerar\r\nreflex\u00f5es no outro.\r\nNos \u00faltimos anos as minhas exposi\u00e7\u00f5es t\u00eam sido mais frequentes, em 2015 iniciei-as com\r\ntrabalhos em aguarela sobre papel, ultimamente os meus trabalhos t\u00eam sido em acr\u00edlico sobre\r\ndiferentes suportes, sendo a tela o mais usado.\r\nTenho realizado exposi\u00e7\u00f5es individuais e coletivas, em Portugal e Espanha, em conjunto com o\r\ngrupo \u201cPoetas do Guadiana\u201d e no grupo de pintoras \u201cLuz de Mujer\u201d, ao qual perten\u00e7o. Participei na\r\nilustra\u00e7\u00e3o do livro de poesia \u201cTu, Vosotras y Ellas\u201d, de Jos\u00e9 Luis Rua Nacher.\r\nSou membro ativo da PAS \u2013 Peace and Art Society e da FIAG - Fantapia International Art Group\r\n(membro n\u00ba. 0366).<\/p>\r\n<strong>Exposi\u00e7\u00f5es coletivas :<\/strong>\r\n\u201cA arte no ALTO\u201d- PAS_Peace and Art Society, tema livre \u201cVoo\u201d, Proj. \u201cA\u00e7oteias, Faro Rooftop Festival 2023\u201d. Ermida St\u00aa Ant\u00f3nio do Alto (Faro,\r\n07\/2023);\r\n\u201cThe most spectacular outing\u201d, Fiag International Art Festival, Changkilhwan Art Museum_FANTAPIA M. (Rep\u00fablica da Coreia, 06\/2023)\r\n\u201cMoldar a cer\u00e2mica \u00e0 pintura\u201d Homenagem ao mestre Querubim Lapa, Casa Manuel Teixeira Gomes (Portim\u00e3o,06\/2023);\r\n\u201cPraias do concelho de Vila Real Santo Ant\u00f3nio\u201d, Puro Caf\u00e9 (Vila Real Santo Ant\u00f3nio, 06\/2023);\r\n\u201cPor um ambiente de Paz\u201d, Edif\u00edcio dos Pa\u00e7os do Concelho (Silves, 06\/2023)\r\n\u201cMoldar a cer\u00e2mica \u00e0 pintura\u201d Homenagem ao mestre Querubim Lapa, Galeria de Arte Pintor Samora Barros (Albufeira, 04\/2023)\r\n\u201cMil Colores\u201d, Berdig\u00f3n 14 Bar, (Huelva, 03\/2023)\r\n\u201cPor um ambiente de Paz\u201d, Galeria de Arte Pra\u00e7a do Mar, Quarteira (Loul\u00e9, 03\/2023)\r\n\u201cFeminino \/ Plural\u201d Homenagem a Joaquim Sorolha, Funddatec , San Juan de aznalfarache, (Sevilha, 02\/2023)\r\n\u201cFarol de VRSA \u2013 100 anos\u201d, Puro Caf\u00e9 (Vila Real Santo Ant\u00f3nio, 2023);\r\n\u201cFemenino \/ Plural, homenage a Sorolla, Funddatec \u2013 Fundaci\u00f3n para el Desarrollo Tecnol\u00f3gico, Sostenible e Circular (Sevilla, 2023);\r\n\u201cAndaluc\u00eda, mi amor\u201d, Sala de las Tinajas de la Casa Grande (Ayamonte, 2022)\r\n\u201cFrutos \u2026de Natal\u201d, Puro Caf\u00e9 (Vila Real Santo Ant\u00f3nio, 2022);\r\n\u201cPeixes\u201d, Puro Caf\u00e9 (Vila Real Santo Ant\u00f3nio, 2022);\r\n\u201cCores de Ver\u00e3o\u201d, Puro Caf\u00e9 (Vila Real Santo Ant\u00f3nio, 2022);\r\n\u201c 2 Margens\u201d, Centro Cultural Ant\u00f3nio Aleixo (Vila Real Santo Ant\u00f3nio, 2022);\r\n\u201cLos Percursores 1950\u201d, Centro Cultural Casa Grande (Ayamonte, 2022);\r\n\u201cII Congreso Internacional de la Exposicion Iberoamericana en Sevilla, 1929\u201d CEIA 20-22 \u2013 Gala entrega de Certificados de reconhecimento,\r\nSalon de actos de Capitania General, Plaza Espa\u00f1a, Sevilla (Sevilla, 2022);\r\n\u201cLos Percursores 1950\u201d, P\u00e1tio Principal del Auntamiento \u2013 Plaza de la Laguna (Ayamonte, 2021);\r\n\u201cLuces de Portugal em Sevilla\u201d CEIA 20-21 - Consulado de Portugal en Sevilla, Fundaci\u00f3n Valent\u00edn de Madariaga (Sevilla, 2021);\r\n\u201cII Congreso Internacional de la Exposicion Iberoamericana en Sevilla, 1929\u201d CEIA 20-21 \u2013 \u201cLuces de Portugal em Sevilla\u201d, Consulado de\r\nPortugal en Sevilla (Sevilla, 2021);\r\n\u201c 2 Margens\u201d, Centro Cultural \u00c1lvaro Campos (Tavira, 2021);\r\n\u201cTema livre\u201d, Puro Caf\u00e9 (Vila Real Santo Ant\u00f3nio, 2021);\r\n\u201c 2 Margens\u201d, Centro Cultural Ant\u00f3nio Aleixo (Vila Real Santo Ant\u00f3nio, 2020);\r\n\u201cGrito de Mulher\u201d- \u201cLENDA DAS AMENDOEIRAS EM FLOR\u201d, Casa do Sal (Castro Marim, 2018);\r\nConcurso \u201cC0RES E FORMAS DOS NOSSOS ARTISTAS\u201d, Galeria Bailote (Albufeira, 2001);\r\nExposi\u00e7\u00e3o TEMA LIVRE, no Casino de Monte Gordo (Algarve, 1979).\r\n\r\n<strong>Exposi\u00e7\u00f5es individuais :<\/strong>\r\n\u201cMy great moments\u201d, Restaurante O Conselheiro (Faro,2023)\r\n\u201cOs Camale\u00f5es v\u00e3o \u00e0 escola\u201d, Escola EB 1, 2, 3 da Guia, Albufeira (Guia, 2022);\r\n\u201cBelas Silenciosas\u201d, \u00c2mbito Geoparque Algarvensis - Escola B\u00e1sica e Secund\u00e1ria (Albufeira, 2022);\r\n\u201cBelas Silenciosas\u201d, \u00c2mbito Geoparque Algarvensis - Escola Secundaria (Albufeira, 2022);\r\n\u201cBelas Silenciosas\u201d, Biblioteca Municipal de Vila Real de Santo Ant\u00f3nio (VRSA, 2022);\r\n\u201cBelas Silenciosas\u201d, Galeria da Dire\u00e7\u00e3o Regional do Algarve IPDJ (Faro, 2021;\r\n\u201cA Magia dos Camale\u00f5es no Museu\u201d \u2013 \u201cCICLOS DE VIDA \u2013 Camale\u00e3o, Museu Municipal de Arqueologia (Albufeira, 2021);\r\n\u201cMulheres\u201d, Puro Caf\u00e9 (Vila Real Santo Ant\u00f3nio, 2021);\r\n\u201cCamale\u00f5es na Serra de Monchique\u201d \u2013 \u201cCICLOS DE VIDA \u2013 Camale\u00e3o, Vila Termal Spa Resort (Caldas de Monchique, 2021);\r\n\u201cCICLOS DE VIDA \u2013 Camale\u00e3o\u201d, Centro Ci\u00eancia Viva do Algarve (Faro, 2020);\r\n\u201cBELAS SILENCIOSAS\u201d, Galeria da Dire\u00e7\u00e3o Regional do Algarve IPDJ (Faro, 2020);\r\nSEMELHANTES\u201d, edif\u00edcio principal C\u00e2mara Municipal (Albufeira, 2018 e 2019);\r\n\r\n<strong>BIOGRAFIA:<\/strong>\r\n\r\n\u201cCICLOS DE VIDA \u2013 Camale\u00e3o, Biblioteca Municipal Sophia de Mello Breyner Andresen (Loul\u00e9, 2019);\r\n\u201cCICLOS DE VIDA \u2013 Camale\u00e3o, Biblioteca Municipal Jos\u00e9 Mariano Gago (Olh\u00e3o, 2018);\r\n\u201cCICLOS DE VIDA \u2013 Camale\u00e3o, Galeria de Arte Pintor Samora Barros (Albufeira, 2018);\r\n\u201cCICLOS DE VIDA \u2013 Camale\u00e3o, Centro do Parque Natural da Ria Formosa (Olh\u00e3o, 2017);\r\n\u201cCICLOS DE VIDA \u2013 Camale\u00e3o, Centro Cultural Casa Grande (Ayamonte, 2017);\r\n\u201cCICLOS DE VIDA \u2013 Camale\u00e3o, Centro da Reserva Natural do Sapal (Castro Marim, 2017);\r\n\u201cCICLOS DE VIDA \u2013 Camale\u00e3o, Biblioteca Municipal de Vila Real de Santo Ant\u00f3nio (VRSA; 2016);\r\n\u201cMULHERES\u201d, galeria junta freguesia (Pech\u00e3o, 2016);\r\n\u201cOLHAR A MULHER NA SUA INDIVIDUALIDADE\u201d, edif\u00edcio principal C\u00e2mara Municipal (Albufeira, 2015);\r\n\u201cLENDA DAS AMENDOEIRAS EM FLOR\u201d, no Hotel Al\u00edsios (Albufeira, 2015);\r\n\u201cOLHAR A MULHER NA SUA INDIVIDUALIDADE\u201d, edif\u00edcio principal C\u00e2mara Municipal (Albufeira, 2015)\r\n\u201cLENDA DAS AMENDOEIRAS EM FLOR\u201d, no Hotel Al\u00edsios (Albufeira, 2015).\r\n\r\nLivro: Colabora\u00e7\u00e3o \u201cTu, Vosotras y Ellas\u201d, Pinturas (nu da mulher), apresenta\u00e7\u00e3o na Biblioteca Municipal de Vila Real de Santo Ant\u00f3nio (VRSA,\r\n2018)\r\nBook: Collaboration \u201cTu, Vosotras y Ellas\u201d, Paintings (woman's nude), presentation at the Municipal Library of Vila Real de Santo Ant\u00f3nio (VRSA,\r\n2018)","_et_gb_content_width":"","footnotes":""},"class_list":["post-99","page","type-page","status-publish","hentry"],"_links":{"self":[{"href":"https:\/\/manuelasantosart.com\/index.php?rest_route=\/wp\/v2\/pages\/99","targetHints":{"allow":["GET"]}}],"collection":[{"href":"https:\/\/manuelasantosart.com\/index.php?rest_route=\/wp\/v2\/pages"}],"about":[{"href":"https:\/\/manuelasantosart.com\/index.php?rest_route=\/wp\/v2\/types\/page"}],"author":[{"embeddable":true,"href":"https:\/\/manuelasantosart.com\/index.php?rest_route=\/wp\/v2\/users\/1"}],"replies":[{"embeddable":true,"href":"https:\/\/manuelasantosart.com\/index.php?rest_route=%2Fwp%2Fv2%2Fcomments&post=99"}],"version-history":[{"count":9,"href":"https:\/\/manuelasantosart.com\/index.php?rest_route=\/wp\/v2\/pages\/99\/revisions"}],"predecessor-version":[{"id":400,"href":"https:\/\/manuelasantosart.com\/index.php?rest_route=\/wp\/v2\/pages\/99\/revisions\/400"}],"wp:attachment":[{"href":"https:\/\/manuelasantosart.com\/index.php?rest_route=%2Fwp%2Fv2%2Fmedia&parent=99"}],"curies":[{"name":"wp","href":"https:\/\/api.w.org\/{rel}","templated":true}]}}